{"id":8834,"date":"2024-08-25T22:10:56","date_gmt":"2024-08-25T22:10:56","guid":{"rendered":"http:\/\/localhost\/gracefuldecordesigns.com\/?page_id=8834"},"modified":"2024-09-03T03:48:40","modified_gmt":"2024-09-03T03:48:40","slug":"reviews","status":"publish","type":"page","link":"https:\/\/gracefuldecordesigns.com\/es\/reviews\/","title":{"rendered":"Rese\u00f1as"},"content":{"rendered":"<div class=\"wpb-content-wrapper\"><div class=\"vc_row wpb_row vc_row-fluid bg-light pb0 not-equal not-color extra-container\"><div class=\"\"><div class=\"row\"><div class=\"wpb_column vc_column_container vc_col-sm-12\"><div class=\"vc_column-inner\"><div class=\"wpb_wrapper\"><section  id=\"single-69fdefb7b8c0c\" class=\"header-single vertical-flex m0 image-bg parallax-off  p0 fullscreen\" ><div class=\"background-content\"><img loading=\"lazy\" decoding=\"async\" width=\"1920\" height=\"1278\" src=\"https:\/\/gracefuldecordesigns.com\/wp-content\/uploads\/2024\/08\/reviews.jpg\" class=\"background-image\" alt=\"page-header\" \/><div  class=\"background-overlay\"><\/div><\/div><div  class=\"container vertical-flex-column item-content\">\n\t\t\t            <div class=\"row\"><div class=\"standard-slide p0 col-lg-12 col-lg-offset-0 col-md-10 col-md-offset-1 col-sm-12 text-center\"><div style=\"text-shadow:none;text-transform: none!important;\" class=\"heading-content\"><\/div><div class=\"mt24 mt-xs-8 group-btn\"><a  id=\"btn-69fdefb7b8c0d\"  class=\"m0 btn btn-filled   btn-sm-sm\"  href= \"#leavereview\"  >Deje una rese\u00f1a<\/a><a  id=\"btn2-69fdefb7b8c0f\"  class=\"m0 btn btn-filled   btn-sm-sm\"  href= \"#reviews\"  >rese\u00f1as de nuestros clientes<\/a><\/div>\n                <\/div><\/div><\/div><\/section><\/div><\/div><\/div><\/div><\/div><\/div><section id=\"leavereview\" class=\"vc_row wpb_row vc_row-fluid bg-light not-equal not-color\"><div class=\"container\"><div class=\"row\"><div class=\"wpb_column vc_column_container vc_col-sm-12\"><div class=\"vc_column-inner\"><div class=\"wpb_wrapper\"><div class=\"headings-title\"><div class=\"mb70 mb-xs-40 text-center\"><h5 style=\"color:#49416c!important;text-transform: none!important;\" class=\"widgettitle\">Escribe tu Rese\u00f1a<\/h5><div class=\"divider-wrap\"><div class=\"tlg-divider\" style=\"\"><\/div><\/div><\/div><\/div>\n\t<div class=\"wpb_text_column wpb_content_element\" >\n\t\t<div class=\"wpb_wrapper\">\n\t\t\t<div class=\"glsr glsr-default\" id=\"glsr_7c09dc42\" data-from=\"shortcode\" data-shortcode=\"site_reviews_form\" data-hide=\"[&quot;email&quot;]\"><div class=\"glsr-form-wrap\">\n    <form class=\"glsr-review-form glsr-form\" method=\"post\" enctype=\"multipart\/form-data\" action=\"\">\n        <input type=\"hidden\" name=\"site-reviews[_action]\" value=\"submit-review\" \/>\n<input type=\"hidden\" name=\"site-reviews[_nonce]\" value=\"1320d411ce\" \/>\n<input type=\"hidden\" name=\"site-reviews[_post_id]\" value=\"8834\" \/>\n<input type=\"hidden\" name=\"site-reviews[_referer]\" value=\"\" \/>\n<input type=\"hidden\" name=\"site-reviews[assigned_posts]\" value=\"\" \/>\n<input type=\"hidden\" name=\"site-reviews[assigned_terms]\" value=\"\" \/>\n<input type=\"hidden\" name=\"site-reviews[assigned_users]\" value=\"\" \/>\n<input type=\"hidden\" name=\"site-reviews[excluded]\" value=\"QsPgLvgv8cEHI6MDQb5qM_6X8T8n\" \/>\n<input type=\"hidden\" name=\"site-reviews[form_id]\" value=\"glsr_7c09dc42\" \/>\n<input type=\"hidden\" name=\"site-reviews[terms_exist]\" value=\"1\" \/>\n<div class=\"glsr-field\" style=\"display:none;\"><label for=\"site-reviews-2439a236-glsr_7c09dc42\">Tu rese\u00f1a<\/label><input type=\"text\" class=\"glsr-input glsr-input-text\" id=\"site-reviews-2439a236-glsr_7c09dc42\" name=\"site-reviews[2439a236]\" value=\"\" \/><\/div>\n<div class=\"glsr-field glsr-field-rating glsr-required\" data-field=\"rating\">\n    <label class=\"glsr-label\" for=\"glsr_7c09dc42-rating\">\n    <span>Tu puntuaci\u00f3n global<\/span>\n<\/label>\n    \n    <select class=\"browser-default disable-select no_wrap no-wrap glsr-select\" id=\"glsr_7c09dc42-rating\" name=\"site-reviews[rating]\" required><option value=\"\">Seleccionar una puntuaci\u00f3n<\/option><option value=\"5\">5 estrellas<\/option><option value=\"4\">4 estrellas<\/option><option value=\"3\">3 estrellas<\/option><option value=\"2\">2 estrellas<\/option><option value=\"1\">1 estrella<\/option><\/select>\n    <div class=\"glsr-field-error\"><\/div>\n<\/div>\n<div class=\"glsr-field glsr-field-text glsr-required\" data-field=\"title\">\n    <label class=\"glsr-label\" for=\"glsr_7c09dc42-title\">\n    <span>T\u00edtulo de tu rese\u00f1a<\/span>\n<\/label>\n    \n    <input type=\"text\" class=\"glsr-input glsr-input-text\" id=\"glsr_7c09dc42-title\" name=\"site-reviews[title]\" required placeholder=\"Resume tu rese\u00f1a o resalta un detalle interesante\" value=\"\" \/>\n    <div class=\"glsr-field-error\"><\/div>\n<\/div>\n<div class=\"glsr-field glsr-field-textarea glsr-required\" data-field=\"content\">\n    <label class=\"glsr-label\" for=\"glsr_7c09dc42-content\">\n    <span>Tu rese\u00f1a<\/span>\n<\/label>\n    \n    <textarea class=\"glsr-textarea\" id=\"glsr_7c09dc42-content\" name=\"site-reviews[content]\" required placeholder=\"Comparte tu opini\u00f3n\" rows=\"5\"><\/textarea>\n    <div class=\"glsr-field-error\"><\/div>\n<\/div>\n<div class=\"glsr-field glsr-field-text glsr-required\" data-field=\"name\">\n    <label class=\"glsr-label\" for=\"glsr_7c09dc42-name\">\n    <span>Tu nombre<\/span>\n<\/label>\n    \n    <input type=\"text\" class=\"glsr-input glsr-input-text\" id=\"glsr_7c09dc42-name\" name=\"site-reviews[name]\" required placeholder=\"Dinos tu nombre\" value=\"\" \/>\n    <div class=\"glsr-field-error\"><\/div>\n<\/div>\n<div class=\"glsr-field glsr-field-choice glsr-required\" data-field=\"terms\">\n    \n    \n    <span class=\"glsr-field-toggle\">\n    <span class=\"glsr-toggle\">\n        <label for=\"glsr_7c09dc42-terms-1\">Esta rese\u00f1a se basa en mi propia experiencia y es mi opini\u00f3n genuina.<\/label>\n        <span class=\"glsr-toggle-switch\">\n            <input type=\"checkbox\" id=\"glsr_7c09dc42-terms-1\" name=\"site-reviews[terms]\" required value=\"1\" \/> &#8203; <!-- zero-space character used for alignment -->\n            <span class=\"glsr-toggle-track\"><\/span>\n        <\/span>\n    <\/span>\n<\/span>\n    <div class=\"glsr-field-error\"><\/div>\n<\/div>\n        <div class=\"glsr-form-message\">\n    \n<\/div>\n        <div data-field=\"submit-button\">\n    <div class=\"wp-block-button\">\n        <button type=\"submit\" class=\"glsr-button wp-block-button__link\" aria-busy=\"false\" data-loading=\"Enviando, por favor espera...\">Enviar una rese\u00f1a<\/button>\n    <\/div>\n<\/div>\n    <input type=\"hidden\" name=\"trp-form-language\" value=\"es\"\/><\/form>\n<\/div><\/div>\n\n\t\t<\/div>\n\t<\/div>\n<\/div><\/div><\/div><\/div><\/div><\/section><section id=\"reviews\" class=\"vc_row wpb_row vc_row-fluid bg-light not-equal not-color\"><div class=\"container\"><div class=\"row\"><div class=\"wpb_column vc_column_container vc_col-sm-12\"><div class=\"vc_column-inner\"><div class=\"wpb_wrapper\"><div class=\"headings-title\"><div class=\"mb70 mb-xs-40 text-center\"><h5 style=\"color:#49416c!important;text-transform: none!important;\" class=\"widgettitle\">Nuestras rese\u00f1as<\/h5><div class=\"divider-wrap\"><div class=\"tlg-divider\" style=\"\"><\/div><\/div><\/div><\/div>\n\t<div class=\"wpb_text_column wpb_content_element\" >\n\t\t<div class=\"wpb_wrapper\">\n\t\t\t<div class=\"glsr glsr-default\" id=\"glsr_228e2418\" data-from=\"shortcode\" data-shortcode=\"site_reviews_summary\"><div class=\"glsr-summary-wrap\">\n    <div class=\"glsr-summary\">\n        <div class=\"glsr-summary-rating\"><span class=\"glsr-tag-value\">5,0<\/span><\/div>\n        <div class=\"glsr-summary-stars\"><div class=\"glsr-star-rating glsr-stars\" role=\"img\" aria-label=\"Rated 5 out of 5 stars based on 5 ratings\" data-rating=\"5\" data-reviews=\"5\"><span class=\"glsr-star glsr-star-full\" aria-hidden=\"true\"><\/span><span class=\"glsr-star glsr-star-full\" aria-hidden=\"true\"><\/span><span class=\"glsr-star glsr-star-full\" aria-hidden=\"true\"><\/span><span class=\"glsr-star glsr-star-full\" aria-hidden=\"true\"><\/span><span class=\"glsr-star glsr-star-full\" aria-hidden=\"true\"><\/span><\/div><\/div>\n        <div class=\"glsr-summary-text\"><span class=\"glsr-tag-value\">5,0 de 5 estrellas (basado en 5 rese\u00f1as)<\/span><\/div>\n        <div class=\"glsr-summary-percentages\"><div class=\"glsr-bar\" data-level=\"5\"><span class=\"glsr-bar-label\">5 estrellas<\/span><span class=\"glsr-bar-background\"><span class=\"glsr-bar-background-percent\" style=\"width:100%\"><\/span><\/span><span class=\"glsr-bar-percent\">100%<\/span><\/div><div class=\"glsr-bar\" data-level=\"4\"><span class=\"glsr-bar-label\">4 estrellas<\/span><span class=\"glsr-bar-background\"><span class=\"glsr-bar-background-percent\" style=\"width:0%\"><\/span><\/span><span class=\"glsr-bar-percent\">0%<\/span><\/div><div class=\"glsr-bar\" data-level=\"3\"><span class=\"glsr-bar-label\">3 estrellas<\/span><span class=\"glsr-bar-background\"><span class=\"glsr-bar-background-percent\" style=\"width:0%\"><\/span><\/span><span class=\"glsr-bar-percent\">0%<\/span><\/div><div class=\"glsr-bar\" data-level=\"2\"><span class=\"glsr-bar-label\">2 estrellas<\/span><span class=\"glsr-bar-background\"><span class=\"glsr-bar-background-percent\" style=\"width:0%\"><\/span><\/span><span class=\"glsr-bar-percent\">0%<\/span><\/div><div class=\"glsr-bar\" data-level=\"1\"><span class=\"glsr-bar-label\">1 estrella<\/span><span class=\"glsr-bar-background\"><span class=\"glsr-bar-background-percent\" style=\"width:0%\"><\/span><\/span><span class=\"glsr-bar-percent\">0%<\/span><\/div><\/div>\n    <\/div>\n<\/div><\/div>\n\n\t\t<\/div>\n\t<\/div>\n\n\t<div class=\"wpb_text_column wpb_content_element\" >\n\t\t<div class=\"wpb_wrapper\">\n\t\t\t<div class=\"glsr glsr-default\" id=\"glsr_c4de085e\" data-from=\"shortcode\" data-shortcode=\"site_reviews\" data-display=\"20\"><div class=\"glsr-reviews-wrap\">\n    <div class=\"glsr-reviews\">\n        <div class=\"glsr-review\" data-type=\"local\" id=\"review-9062\" data-assigned='[]'>\n    <div class=\"glsr-review-title\"><h4 class=\"glsr-tag-value\">QUINCE A\u00d1OS<\/h4><\/div>\n    <div class=\"glsr-review-rating\"><div class=\"glsr-star-rating glsr-stars\" role=\"img\" aria-label=\"Valorado con 5 de 5 estrellas\" data-rating=\"5\" data-reviews=\"0\"><span class=\"glsr-star glsr-star-full\" aria-hidden=\"true\"><\/span><span class=\"glsr-star glsr-star-full\" aria-hidden=\"true\"><\/span><span class=\"glsr-star glsr-star-full\" aria-hidden=\"true\"><\/span><span class=\"glsr-star glsr-star-full\" aria-hidden=\"true\"><\/span><span class=\"glsr-star glsr-star-full\" aria-hidden=\"true\"><\/span><\/div><\/div> <div class=\"glsr-review-date\"><span class=\"glsr-tag-value\">12\/18\/2024<\/span><\/div>\n    \n    <div class=\"glsr-review-content\"><div class=\"glsr-tag-value\" data-expanded=\"false\"><p class=\"glsr-hidden-text\" data-show-less=\"Mostrar menos\" data-show-more=\"Mostrar m\u00e1s\" data-trigger=\"expand\">We are really happy with Ivonne&#8217;s work in our quincea\u00f1era party. We had a lot of compliments on the decorations she is very organized, responsible, and every time I ask for something else she was gladly making it happen. She also was working at the event time organizing the flower girls entrance and<span class=\"glsr-hidden\"> we did some changes and she was very flexible. God bless Ivonne and her Company<\/span><\/p><\/div><\/div>\n     <div class=\"glsr-review-author\"><span class=\"glsr-tag-value\">Fam Ramos<\/span><\/div> \n    \n<\/div>\n<div class=\"glsr-review\" data-type=\"local\" id=\"review-9061\" data-assigned='[]'>\n    <div class=\"glsr-review-title\"><h4 class=\"glsr-tag-value\">Baby Shower<\/h4><\/div>\n    <div class=\"glsr-review-rating\"><div class=\"glsr-star-rating glsr-stars\" role=\"img\" aria-label=\"Valorado con 5 de 5 estrellas\" data-rating=\"5\" data-reviews=\"0\"><span class=\"glsr-star glsr-star-full\" aria-hidden=\"true\"><\/span><span class=\"glsr-star glsr-star-full\" aria-hidden=\"true\"><\/span><span class=\"glsr-star glsr-star-full\" aria-hidden=\"true\"><\/span><span class=\"glsr-star glsr-star-full\" aria-hidden=\"true\"><\/span><span class=\"glsr-star glsr-star-full\" aria-hidden=\"true\"><\/span><\/div><\/div> <div class=\"glsr-review-date\"><span class=\"glsr-tag-value\">12\/08\/2024<\/span><\/div>\n    \n    <div class=\"glsr-review-content\"><div class=\"glsr-tag-value\" data-expanded=\"false\"><p class=\"glsr-hidden-text\" data-show-less=\"Mostrar menos\" data-show-more=\"Mostrar m\u00e1s\" data-trigger=\"expand\">If you\u2019re looking for a event planner look no further. Ivonne and her team are truly talented at what they do. They pay so much attention to detail nothing goes unnoticed to them. The whole planning process was stress free and she reassured me that everything was under control. You can tell that she is<span class=\"glsr-hidden\"> passionate and loves what she does. I would highly recommend her for ANY event.<\/span><\/p><\/div><\/div>\n     <div class=\"glsr-review-author\"><span class=\"glsr-tag-value\">Diana Villegas<\/span><\/div> \n    \n<\/div>\n<div class=\"glsr-review\" data-type=\"local\" id=\"review-9060\" data-assigned='[]'>\n    <div class=\"glsr-review-title\"><h4 class=\"glsr-tag-value\">Civil Wedding<\/h4><\/div>\n    <div class=\"glsr-review-rating\"><div class=\"glsr-star-rating glsr-stars\" role=\"img\" aria-label=\"Valorado con 5 de 5 estrellas\" data-rating=\"5\" data-reviews=\"0\"><span class=\"glsr-star glsr-star-full\" aria-hidden=\"true\"><\/span><span class=\"glsr-star glsr-star-full\" aria-hidden=\"true\"><\/span><span class=\"glsr-star glsr-star-full\" aria-hidden=\"true\"><\/span><span class=\"glsr-star glsr-star-full\" aria-hidden=\"true\"><\/span><span class=\"glsr-star glsr-star-full\" aria-hidden=\"true\"><\/span><\/div><\/div> <div class=\"glsr-review-date\"><span class=\"glsr-tag-value\">12\/01\/2024<\/span><\/div>\n    \n    <div class=\"glsr-review-content\"><div class=\"glsr-tag-value\" data-expanded=\"false\"><p>First of all, I want to thank Ivonne and her team for the excellent and beautiful work they did so that we could carry out our civil wedding celebration. They exceeded our expectations!! My husband and I can&#8217;t wait to continue doing our events with @Graceful Decor, Highly recommended!!<\/p>\n<p class=\"glsr-hidden-text\" data-show-less=\"Mostrar menos\" data-show-more=\"Mostrar m\u00e1s\" data-trigger=\"expand\">Thank you for everything \u2764<span class=\"glsr-hidden\">\ufe0f<\/span><\/p><\/div><\/div>\n     <div class=\"glsr-review-author\"><span class=\"glsr-tag-value\">Analu Najera<\/span><\/div> \n    \n<\/div>\n<div class=\"glsr-review\" data-type=\"local\" id=\"review-9059\" data-assigned='[]'>\n    <div class=\"glsr-review-title\"><h4 class=\"glsr-tag-value\">Greatful for a wonderful time<\/h4><\/div>\n    <div class=\"glsr-review-rating\"><div class=\"glsr-star-rating glsr-stars\" role=\"img\" aria-label=\"Valorado con 5 de 5 estrellas\" data-rating=\"5\" data-reviews=\"0\"><span class=\"glsr-star glsr-star-full\" aria-hidden=\"true\"><\/span><span class=\"glsr-star glsr-star-full\" aria-hidden=\"true\"><\/span><span class=\"glsr-star glsr-star-full\" aria-hidden=\"true\"><\/span><span class=\"glsr-star glsr-star-full\" aria-hidden=\"true\"><\/span><span class=\"glsr-star glsr-star-full\" aria-hidden=\"true\"><\/span><\/div><\/div> <div class=\"glsr-review-date\"><span class=\"glsr-tag-value\">11\/08\/2024<\/span><\/div>\n    \n    <div class=\"glsr-review-content\"><div class=\"glsr-tag-value\" data-expanded=\"false\"><p>We had an amazing time in our daughter\u2019s 15th birthday celebration. Everything was above and beyond expectations and l was so happy with the results.<\/p><\/div><\/div>\n     <div class=\"glsr-review-author\"><span class=\"glsr-tag-value\">George<\/span><\/div> \n    \n<\/div>\n<div class=\"glsr-review\" data-type=\"local\" id=\"review-9058\" data-assigned='[]'>\n    <div class=\"glsr-review-title\"><h4 class=\"glsr-tag-value\">Amazing eye for design<\/h4><\/div>\n    <div class=\"glsr-review-rating\"><div class=\"glsr-star-rating glsr-stars\" role=\"img\" aria-label=\"Valorado con 5 de 5 estrellas\" data-rating=\"5\" data-reviews=\"0\"><span class=\"glsr-star glsr-star-full\" aria-hidden=\"true\"><\/span><span class=\"glsr-star glsr-star-full\" aria-hidden=\"true\"><\/span><span class=\"glsr-star glsr-star-full\" aria-hidden=\"true\"><\/span><span class=\"glsr-star glsr-star-full\" aria-hidden=\"true\"><\/span><span class=\"glsr-star glsr-star-full\" aria-hidden=\"true\"><\/span><\/div><\/div> <div class=\"glsr-review-date\"><span class=\"glsr-tag-value\">10\/03\/2024<\/span><\/div>\n    \n    <div class=\"glsr-review-content\"><div class=\"glsr-tag-value\" data-expanded=\"false\"><p>Ivonne and her team are incredibly talented, professional and have an amazing eye for design. They have made all my events, from baby shower to a graduation party, look so personalized and have given all my guests a memorable experience!<\/p><\/div><\/div>\n     <div class=\"glsr-review-author\"><span class=\"glsr-tag-value\">Jessica R<\/span><\/div> \n    \n<\/div>\n    <\/div>\n    \n<\/div><\/div>\n\n\t\t<\/div>\n\t<\/div>\n<\/div><\/div><\/div><\/div><\/div><\/section>\n<\/div>","protected":false},"excerpt":{"rendered":"Leave a ReviewOur Client Reviews Please leave your Review Tu rese\u00f1a Tu puntuaci\u00f3n global Seleccionar una puntuaci\u00f3n5 estrellas4 estrellas3 estrellas2 estrellas1 estrella T\u00edtulo de tu rese\u00f1a Tu rese\u00f1a Tu nombre Esta rese\u00f1a se basa en mi propia experiencia y es mi opini\u00f3n genuina. &#8203; Enviar una rese\u00f1a Our Reviews 5,0 5,0 de 5 estrellas (basado...","protected":false},"author":1,"featured_media":0,"parent":0,"menu_order":0,"comment_status":"closed","ping_status":"closed","template":"","meta":{"_glsr_average":0,"_glsr_ranking":0,"_glsr_reviews":0,"footnotes":""},"class_list":["post-8834","page","type-page","status-publish","hentry"],"_links":{"self":[{"href":"https:\/\/gracefuldecordesigns.com\/es\/wp-json\/wp\/v2\/pages\/8834","targetHints":{"allow":["GET"]}}],"collection":[{"href":"https:\/\/gracefuldecordesigns.com\/es\/wp-json\/wp\/v2\/pages"}],"about":[{"href":"https:\/\/gracefuldecordesigns.com\/es\/wp-json\/wp\/v2\/types\/page"}],"author":[{"embeddable":true,"href":"https:\/\/gracefuldecordesigns.com\/es\/wp-json\/wp\/v2\/users\/1"}],"replies":[{"embeddable":true,"href":"https:\/\/gracefuldecordesigns.com\/es\/wp-json\/wp\/v2\/comments?post=8834"}],"version-history":[{"count":22,"href":"https:\/\/gracefuldecordesigns.com\/es\/wp-json\/wp\/v2\/pages\/8834\/revisions"}],"predecessor-version":[{"id":8970,"href":"https:\/\/gracefuldecordesigns.com\/es\/wp-json\/wp\/v2\/pages\/8834\/revisions\/8970"}],"wp:attachment":[{"href":"https:\/\/gracefuldecordesigns.com\/es\/wp-json\/wp\/v2\/media?parent=8834"}],"curies":[{"name":"wp","href":"https:\/\/api.w.org\/{rel}","templated":true}]}}